 
{"id":876,"date":"2017-03-01T09:01:42","date_gmt":"2017-03-01T08:01:42","guid":{"rendered":"http:\/\/www.colineau.fr\/famille\/?page_id=876"},"modified":"2020-02-06T18:36:16","modified_gmt":"2020-02-06T17:36:16","slug":"le-jardin-de-pierre","status":"publish","type":"page","link":"https:\/\/www.colineau.fr\/famille\/le-jardin-de-pierre\/","title":{"rendered":"Le jardin de Pierre"},"content":{"rendered":"\n<p> La vie quotidienne avec Pierre a inspir\u00e9 \u00e0 B\u00e9n\u00e9dicte <a href=\"https:\/\/www.colineau.fr\/famille\/blog\/2012\/11\/09\/accompagner-le-bebe-souffrant\/\">ce livre<\/a>: <a href=\"https:\/\/www.colineau.fr\/accompagner\/\">\u00ab\u00a0Accompagner le b\u00e9b\u00e9 souffrant\u00a0\u00bb <\/a> \u00e0 l&rsquo;usage des professionnels et des parents d&rsquo;enfants qui connaissent de gros probl\u00e8mes de sant\u00e9  \u00e0 la naissance. Ce livre peut \u00eatre utile aussi \u00e0 tout un chacun, le soin de jeunes enfants,  m\u00eame en parfaite sant\u00e9, n\u00e9cessite en effet exp\u00e9rience et imagination.<br>N&rsquo;h\u00e9sitez pas \u00e0 <a href=\"https:\/\/www.colineau.fr\/famille\/contact\/\">nous contacter<\/a> pour le recevoir.<\/p>\n\n\n\n<p><\/p>\n\n\n\n<p><a href=\"https:\/\/www.colineau.fr\/famille\/le-jardin-de-pierre\/introduction\/\">Les pages qui suivent<\/a> rassemblent des images et des documents pour nous souvenir de ce qui a fait la vie avec Pierre. Comment ne pas \u00e9voquer ces moments avec tendresse et reconnaissance, comme nous invite \u00e0 le faire ce beau texte que nous ont adress\u00e9 des amis:<\/p>\n\n\n\n<p>\u00ab\u00a0<em>Pierre reste tr\u00e8s pr\u00e9sent pour nous : nous l&rsquo;avons vu tellement souvent que nous ne pouvons oublier son rire, ses expressions qui nous interpelaient en nous disant \u00ab\u00a0je suis avec vous et votre pr\u00e9sence me comble de bonheur\u00a0\u00bb. Nous avons souvent pris sa main qu&rsquo;il serrait et quelque chose passait entre nous. Nous n&rsquo;aimons pas dire qu&rsquo;il est dans la pi\u00e8ce \u00e0 c\u00f4t\u00e9, car c&rsquo;est un peu se jeter de la poudre aux yeux et c&rsquo;est refuser le P\u00e8re. Nous ressentons toujours cette pr\u00e9sence de Pierre comme celle de quelqu&rsquo;un qui continue de nous dire : \u00ab\u00a0La vie avec mes parents, mes soeurs et tous ceux qui m&rsquo;entourent et prennent soin de moi, est si belle que je ne peux m&#8217;emp\u00eacher de laisser \u00e9clater ma joie et vous communiquer un peu de ma lumi\u00e8re !\u00a0\u00bb. C&rsquo;est cela qui demeurera en notre coeur \u00e0 jamais, c&rsquo;est cette empreinte que Pierre a grav\u00e9e en nous tous, je crois, comme \u00e0 notre insu. Autrefois il y avait un allumeur de r\u00e9verb\u00e8re dans les rues des grandes villes et Pierre a \u00e9t\u00e9 l&rsquo;un de ceux-l\u00e0. Dieu met la joie au coeur de chacun et Pierre nous a aid\u00e9s \u00e0 la r\u00e9v\u00e9ler ; en ce sens, il a \u00e9t\u00e9 pour nous un semeur de foi et d&rsquo;esp\u00e9rance<\/em>.\u00a0\u00bb ( JP et J)<\/p>\n\n\n\n<p><a href=\"https:\/\/www.colineau.fr\/famille\/le-jardin-de-pierre\/introduction\/\">pour nous souvenir de notre fils &#8230; cliquez ici<\/a><\/p>\n\n\n\n<p>Si vous ne connaissez pas le mot de passe, <a href=\"https:\/\/www.colineau.fr\/famille\/contact\/\">contactez-nous<\/a><\/p>\n\n\n\n<p> <\/p>\n","protected":false},"excerpt":{"rendered":"<p>La vie quotidienne avec Pierre a inspir\u00e9 \u00e0 B\u00e9n\u00e9dicte ce livre: \u00ab\u00a0Accompagner le b\u00e9b\u00e9 souffrant\u00a0\u00bb \u00e0 l&rsquo;usage des professionnels et des parents d&rsquo;enfants qui connaissent de gros probl\u00e8mes de sant\u00e9 \u00e0 la naissance. Ce livre peut \u00eatre utile aussi \u00e0 tout un chacun, le soin de jeunes enfants, m\u00eame en parfaite sant\u00e9, n\u00e9cessite en effet &hellip; <a href=\"https:\/\/www.colineau.fr\/famille\/le-jardin-de-pierre\/\" class=\"more-link\">Continuer la lecture de <span class=\"screen-reader-text\">Le jardin de Pierre<\/span> <span class=\"meta-nav\">&rarr;<\/span><\/a><\/p>\n","protected":false},"author":1,"featured_media":0,"parent":0,"menu_order":0,"comment_status":"closed","ping_status":"closed","template":"","meta":{"footnotes":""},"class_list":["post-876","page","type-page","status-publish","hentry"],"_links":{"self":[{"href":"https:\/\/www.colineau.fr\/famille\/wp-json\/wp\/v2\/pages\/876","targetHints":{"allow":["GET"]}}],"collection":[{"href":"https:\/\/www.colineau.fr\/famille\/wp-json\/wp\/v2\/pages"}],"about":[{"href":"https:\/\/www.colineau.fr\/famille\/wp-json\/wp\/v2\/types\/page"}],"author":[{"embeddable":true,"href":"https:\/\/www.colineau.fr\/famille\/wp-json\/wp\/v2\/users\/1"}],"replies":[{"embeddable":true,"href":"https:\/\/www.colineau.fr\/famille\/wp-json\/wp\/v2\/comments?post=876"}],"version-history":[{"count":0,"href":"https:\/\/www.colineau.fr\/famille\/wp-json\/wp\/v2\/pages\/876\/revisions"}],"wp:attachment":[{"href":"https:\/\/www.colineau.fr\/famille\/wp-json\/wp\/v2\/media?parent=876"}],"curies":[{"name":"wp","href":"https:\/\/api.w.org\/{rel}","templated":true}]}}