 
{"id":316,"date":"2011-09-07T20:48:07","date_gmt":"2011-09-07T19:48:07","guid":{"rendered":"http:\/\/www.colineau.fr\/famille\/?page_id=316"},"modified":"2020-06-20T15:57:21","modified_gmt":"2020-06-20T14:57:21","slug":"textes-de-roger","status":"publish","type":"page","link":"https:\/\/www.colineau.fr\/famille\/roger\/textes-de-roger\/","title":{"rendered":"Textes de Roger"},"content":{"rendered":"\n<p><strong>Sur l&rsquo;histoire de Thoign\u00e9&nbsp;<\/strong> (cit\u00e9 sur http:\/\/www.saosnois.com\/thoigne\/thoigne.htm ) , site aujourd&rsquo;hui inaccessible.<\/p>\n\n\n\n<p>Il est peut-\u00eatre bon de rappeler qu&rsquo;\u00e0 deux reprises en 1992-93 et en 1996 des travaux importants ont \u00e9t\u00e9s entrepris dans notre \u00e9glise. A la fin de 1992, le dallage a \u00e9t\u00e9 refait ( \u00e0 signaler que pour la 1\u00e9re fois dans la r\u00e9gion que le pr\u00e9-dallage a \u00e9t\u00e9 r\u00e9alis\u00e9 en ISOCHANVRE (Ren\u00e9) m\u00e9lang\u00e9 \u00e0 des chaux naturelles ). L&rsquo;entr\u00e9e de l&rsquo;\u00e9glise a \u00e9t\u00e9 modifi\u00e9e et embellie; Les emmarchements conduisant \u00e0 l&rsquo;autel ont \u00e9t\u00e9s remani\u00e9s en remplacement d&rsquo;un podium devenu sans relief. Un autel a surgi, \u0153uvre d&rsquo;une communaut\u00e9 de jeunes du Var, sous la houlette d&rsquo;un pr\u00eatre lui-m\u00eame tailleur de pierres et avec le concours d&rsquo;autres tailleurs de pierres tr\u00e8s exp\u00e9riment\u00e9s.<\/p>\n\n\n\n<div class=\"wp-block-image\"><figure class=\"aligncenter size-large\"><img loading=\"lazy\" decoding=\"async\" width=\"518\" height=\"391\" src=\"https:\/\/www.colineau.fr\/famille\/wp-content\/uploads\/2020\/06\/Autel-Thoigne.jpg\" alt=\"\" class=\"wp-image-2126\" srcset=\"https:\/\/www.colineau.fr\/famille\/wp-content\/uploads\/2020\/06\/Autel-Thoigne.jpg 518w, https:\/\/www.colineau.fr\/famille\/wp-content\/uploads\/2020\/06\/Autel-Thoigne-300x226.jpg 300w\" sizes=\"auto, (max-width: 518px) 100vw, 518px\" \/><\/figure><\/div>\n\n\n\n<p>En plus de l&rsquo;autel, ces jeunes h\u00e9berg\u00e9s pendant une semaine dans les familles de la commune (tr\u00e8s b\u00e9n\u00e9fique pour les relations humaines) ont fait surgir de l&rsquo;ombre le baptist\u00e8re qui, maintenant r\u00e9nov\u00e9, repeint, tr\u00f4ne en belle place.<\/p>\n\n\n\n<p>Et cependant nous avions conscience (peut-\u00eatre plus qu&rsquo;ailleurs) qu&rsquo;il restait encore \u00e0 faire et nous pensions notamment \u00e0 ces fresques d\u00e9j\u00e0 \u00e9voqu\u00e9es. Apr\u00e8s des d\u00e9marches de toutes sortes (et habituelles) 1996 a vu leur restauration, travail remarquable, et au c\u0153ur de cette rencontre une histoire:<\/p>\n\n\n\n<div class=\"wp-block-image\"><figure class=\"aligncenter size-large\"><img loading=\"lazy\" decoding=\"async\" width=\"334\" height=\"458\" src=\"https:\/\/www.colineau.fr\/famille\/wp-content\/uploads\/2020\/06\/Ste-Catherine-Thoigne.jpg\" alt=\"\" class=\"wp-image-2127\" srcset=\"https:\/\/www.colineau.fr\/famille\/wp-content\/uploads\/2020\/06\/Ste-Catherine-Thoigne.jpg 334w, https:\/\/www.colineau.fr\/famille\/wp-content\/uploads\/2020\/06\/Ste-Catherine-Thoigne-219x300.jpg 219w\" sizes=\"auto, (max-width: 334px) 100vw, 334px\" \/><\/figure><\/div>\n\n\n\n<p>Une des fresques repr\u00e9sentant Sainte Catherine d&rsquo;Alexandrie (fresque du 15\u00e9me si\u00e8cle) avoisinait la chaire mais nous pensions qu&rsquo;une petite partie de ladite fresque pouvait \u00eatre cach\u00e9e par cette chaire. Pour en avoir le c\u0153ur net, nous avons d\u00e9m\u00e9nag\u00e9 la chaire et l&rsquo;avons install\u00e9e plus loin et l\u00e0, surprise ! en fait c&rsquo;\u00e9tait la moiti\u00e9 qui en \u00e9tait cach\u00e9e.<\/p>\n\n\n\n<p>Une ombre cependant; Alors que la partie sup\u00e9rieure et \u00ab\u00a0nouvelle\u00a0\u00bb de cette fresque est tr\u00e8s belle, par contre la partie inf\u00e9rieure, elle, a souffert et malgr\u00e9 tous leurs efforts, les braves amis de l&rsquo;atelier de restauration n&rsquo;ont pu lui donner l&rsquo;\u00e9tat qu&rsquo;eux et nous, souhaitions !<\/p>\n\n\n\n<p><em>Roger Malassign\u00e9, F\u00e9vrier 2000<\/em><\/p>\n","protected":false},"excerpt":{"rendered":"<p>Sur l&rsquo;histoire de Thoign\u00e9&nbsp; (cit\u00e9 sur http:\/\/www.saosnois.com\/thoigne\/thoigne.htm ) , site aujourd&rsquo;hui inaccessible. Il est peut-\u00eatre bon de rappeler qu&rsquo;\u00e0 deux reprises en 1992-93 et en 1996 des travaux importants ont \u00e9t\u00e9s entrepris dans notre \u00e9glise. A la fin de 1992, le dallage a \u00e9t\u00e9 refait ( \u00e0 signaler que pour la 1\u00e9re fois dans la &hellip; <a href=\"https:\/\/www.colineau.fr\/famille\/roger\/textes-de-roger\/\" class=\"more-link\">Continuer la lecture de <span class=\"screen-reader-text\">Textes de Roger<\/span> <span class=\"meta-nav\">&rarr;<\/span><\/a><\/p>\n","protected":false},"author":1,"featured_media":0,"parent":296,"menu_order":0,"comment_status":"open","ping_status":"open","template":"","meta":{"footnotes":""},"class_list":["post-316","page","type-page","status-publish","hentry"],"_links":{"self":[{"href":"https:\/\/www.colineau.fr\/famille\/wp-json\/wp\/v2\/pages\/316","targetHints":{"allow":["GET"]}}],"collection":[{"href":"https:\/\/www.colineau.fr\/famille\/wp-json\/wp\/v2\/pages"}],"about":[{"href":"https:\/\/www.colineau.fr\/famille\/wp-json\/wp\/v2\/types\/page"}],"author":[{"embeddable":true,"href":"https:\/\/www.colineau.fr\/famille\/wp-json\/wp\/v2\/users\/1"}],"replies":[{"embeddable":true,"href":"https:\/\/www.colineau.fr\/famille\/wp-json\/wp\/v2\/comments?post=316"}],"version-history":[{"count":0,"href":"https:\/\/www.colineau.fr\/famille\/wp-json\/wp\/v2\/pages\/316\/revisions"}],"up":[{"embeddable":true,"href":"https:\/\/www.colineau.fr\/famille\/wp-json\/wp\/v2\/pages\/296"}],"wp:attachment":[{"href":"https:\/\/www.colineau.fr\/famille\/wp-json\/wp\/v2\/media?parent=316"}],"curies":[{"name":"wp","href":"https:\/\/api.w.org\/{rel}","templated":true}]}}