 
{"id":296,"date":"2011-08-28T16:15:29","date_gmt":"2011-08-28T15:15:29","guid":{"rendered":"http:\/\/www.colineau.fr\/famille\/?page_id=296"},"modified":"2020-05-21T09:21:02","modified_gmt":"2020-05-21T08:21:02","slug":"roger","status":"publish","type":"page","link":"https:\/\/www.colineau.fr\/famille\/roger\/","title":{"rendered":"Roger"},"content":{"rendered":"<p><a href=\"https:\/\/www.colineau.fr\/famille\/wp-content\/uploads\/2011\/08\/Roger0001.jpg\"><img loading=\"lazy\" decoding=\"async\" class=\"aligncenter size-medium wp-image-297\" title=\"Roger Malassign\u00e9\" src=\"https:\/\/www.colineau.fr\/famille\/wp-content\/uploads\/2011\/08\/Roger0001-227x300.jpg\" alt=\"\" width=\"227\" height=\"300\" srcset=\"https:\/\/www.colineau.fr\/famille\/wp-content\/uploads\/2011\/08\/Roger0001-227x300.jpg 227w, https:\/\/www.colineau.fr\/famille\/wp-content\/uploads\/2011\/08\/Roger0001-775x1024.jpg 775w, https:\/\/www.colineau.fr\/famille\/wp-content\/uploads\/2011\/08\/Roger0001-113x150.jpg 113w, https:\/\/www.colineau.fr\/famille\/wp-content\/uploads\/2011\/08\/Roger0001-400x528.jpg 400w, https:\/\/www.colineau.fr\/famille\/wp-content\/uploads\/2011\/08\/Roger0001.jpg 1016w\" sizes=\"auto, (max-width: 227px) 100vw, 227px\" \/><\/a><\/p>\n<p>Papy Roger nous a quitt\u00e9s, mais nous gardons de lui tant d&rsquo;images, de souvenirs, de moments de complicit\u00e9. Ces quelques pages lui sont consacr\u00e9es&nbsp; :<\/p>\n<p><a href=\"https:\/\/www.colineau.fr\/famille\/roger\/a-dieu-roger\/\">a-Dieu Roger<\/a><\/p>\n<p><a href=\"https:\/\/www.colineau.fr\/famille\/roger\/mots-dadieu\/\">Mots d&rsquo;adieu<\/a><\/p>\n<p><a href=\"https:\/\/www.colineau.fr\/famille\/roger\/les-fours-a-chanvre\/\">Les fours \u00e0 chanvre<\/a><\/p>\n<p><a href=\"https:\/\/www.colineau.fr\/famille\/roger\/textes-de-roger\/\">textes de Roger<\/a><\/p>\n","protected":false},"excerpt":{"rendered":"<p>Papy Roger nous a quitt\u00e9s, mais nous gardons de lui tant d&rsquo;images, de souvenirs, de moments de complicit\u00e9. Ces quelques pages lui sont consacr\u00e9es&nbsp; : a-Dieu Roger Mots d&rsquo;adieu Les fours \u00e0 chanvre textes de Roger<\/p>\n","protected":false},"author":1,"featured_media":0,"parent":0,"menu_order":0,"comment_status":"closed","ping_status":"closed","template":"","meta":{"footnotes":""},"class_list":["post-296","page","type-page","status-publish","hentry"],"_links":{"self":[{"href":"https:\/\/www.colineau.fr\/famille\/wp-json\/wp\/v2\/pages\/296","targetHints":{"allow":["GET"]}}],"collection":[{"href":"https:\/\/www.colineau.fr\/famille\/wp-json\/wp\/v2\/pages"}],"about":[{"href":"https:\/\/www.colineau.fr\/famille\/wp-json\/wp\/v2\/types\/page"}],"author":[{"embeddable":true,"href":"https:\/\/www.colineau.fr\/famille\/wp-json\/wp\/v2\/users\/1"}],"replies":[{"embeddable":true,"href":"https:\/\/www.colineau.fr\/famille\/wp-json\/wp\/v2\/comments?post=296"}],"version-history":[{"count":0,"href":"https:\/\/www.colineau.fr\/famille\/wp-json\/wp\/v2\/pages\/296\/revisions"}],"wp:attachment":[{"href":"https:\/\/www.colineau.fr\/famille\/wp-json\/wp\/v2\/media?parent=296"}],"curies":[{"name":"wp","href":"https:\/\/api.w.org\/{rel}","templated":true}]}}